{"id":326,"date":"2025-11-18T11:54:45","date_gmt":"2025-11-18T11:54:45","guid":{"rendered":"https:\/\/siemoto.me\/product\/bicycle-gloves-gold\/"},"modified":"2026-04-29T02:18:20","modified_gmt":"2026-04-29T00:18:20","slug":"vjetrobran-za-skuter-siemoto","status":"publish","type":"product","link":"https:\/\/siemoto.me\/me\/vjetrobran-za-skuter-siemoto\/","title":{"rendered":"Vjetrobran"},"content":{"rendered":"<h2 style=\"font-size: 14px; font-weight: bold; margin-bottom: 10px;\">Podesivi vjetrobran<\/h2>\n<p style=\"font-size: 12px; line-height: 1.6;\" class=\" translation-block\">Fabri\u010dki uskla\u0111en vjetrobran dizajniran za svakodnevnu gradsku vo\u017enju, obalne puteve i mje\u0161ovite uslove vo\u017enje. \n    Napravljen od krutog prozirnog materijala debljine 4 mm sa zakrivljenim profilom, pru\u017ea efikasnu za\u0161titu od vjetra pri tipi\u010dnim brzinama vo\u017enje, bez ometanja vidnog polja voza\u010da.<\/p>\n<p style=\"font-size: 12px; line-height: 1.6;\" class=\" translation-block\">Vjetrobran omogu\u0107ava pode\u0161avanje i po visini i po uglu, omogu\u0107avaju\u0107i voza\u010dima da precizno podese protok vazduha i udobnost prema li\u010dnim \u017eeljama i uslovima vo\u017enje. \n    Isporu\u010den sa namenskim monta\u017enim nosa\u010dima, dizajniran je za stabilne, predvidljive performanse i \u010distu integraciju sa prednjim profilom skutera.<\/p>","protected":false},"excerpt":{"rendered":"<div style=\"margin-top: 20px;\">\n<ul style=\"list-style-type: disc; padding-left: 20px; line-height: 1.6;\">\n<li class=\" translation-block\"><strong>Potpuna kontrola.<\/strong> Podesiva visina i ugao za tvoju savr\u0161enu vo\u017enju.<\/li>\n<li class=\" translation-block\"><strong>HD jasno\u0107a.<\/strong> \u010cvrsti akril od 4 mm bez izobli\u010denja vida.<\/li>\n<li class=\" translation-block\"><strong>Spremno za monta\u017eu.<\/strong> Kompletan set za ugradnju je uklju\u010den. Postavi i vozi.<\/li>\n<\/ul>\n<\/div>","protected":false},"featured_media":3522,"template":"","meta":{"site-sidebar-layout":"default","site-content-layout":"default","ast-site-content-layout":"default","site-content-style":"default","site-sidebar-style":"default","ast-global-header-display":"","ast-banner-title-visibility":"","ast-main-header-display":"","ast-hfb-above-header-display":"","ast-hfb-below-header-display":"","ast-hfb-mobile-header-display":"","site-post-title":"disabled","ast-breadcrumbs-content":"disabled","ast-featured-img":"","footer-sml-layout":"","ast-disable-related-posts":"","theme-transparent-header-meta":"default","adv-header-id-meta":"","stick-header-meta":"","header-above-stick-meta":"","header-main-stick-meta":"","header-below-stick-meta":"","astra-migrate-meta-layouts":"set","ast-page-background-enabled":"default","ast-page-background-meta":{"desktop":{"background-color":"","background-image":"","background-repeat":"repeat","background-position":"center center","background-size":"auto","background-attachment":"scroll","background-type":"","background-media":"","overlay-type":"","overlay-color":"","overlay-opacity":"","overlay-gradient":""},"tablet":{"background-color":"","background-image":"","background-repeat":"repeat","background-position":"center center","background-size":"auto","background-attachment":"scroll","background-type":"","background-media":"","overlay-type":"","overlay-color":"","overlay-opacity":"","overlay-gradient":""},"mobile":{"background-color":"","background-image":"","background-repeat":"repeat","background-position":"center center","background-size":"auto","background-attachment":"scroll","background-type":"","background-media":"","overlay-type":"","overlay-color":"","overlay-opacity":"","overlay-gradient":""}},"ast-content-background-meta":{"desktop":{"background-color":"var(--ast-global-color-5)","background-image":"","background-repeat":"repeat","background-position":"center center","background-size":"auto","background-attachment":"scroll","background-type":"","background-media":"","overlay-type":"","overlay-color":"","overlay-opacity":"","overlay-gradient":""},"tablet":{"background-color":"var(--ast-global-color-5)","background-image":"","background-repeat":"repeat","background-position":"center center","background-size":"auto","background-attachment":"scroll","background-type":"","background-media":"","overlay-type":"","overlay-color":"","overlay-opacity":"","overlay-gradient":""},"mobile":{"background-color":"var(--ast-global-color-5)","background-image":"","background-repeat":"repeat","background-position":"center center","background-size":"auto","background-attachment":"scroll","background-type":"","background-media":"","overlay-type":"","overlay-color":"","overlay-opacity":"","overlay-gradient":""}}},"product_brand":[66],"product_cat":[117,105],"product_tag":[189,55,59],"class_list":{"0":"post-326","1":"product","2":"type-product","3":"status-publish","4":"has-post-thumbnail","6":"product_brand-znen-skuteri","7":"product_cat-oprema-za-skutere","8":"product_cat-accessories","9":"product_tag-dodatna-oprema","10":"product_tag-wind-protection","11":"product_tag-znen","12":"product_shipping_class-accessories","13":"desktop-align-left","14":"tablet-align-left","15":"mobile-align-left","17":"first","18":"instock","19":"taxable","20":"shipping-taxable","21":"purchasable","22":"product-type-simple"},"_links":{"self":[{"href":"https:\/\/siemoto.me\/me\/wp-json\/wp\/v2\/product\/326","targetHints":{"allow":["GET"]}}],"collection":[{"href":"https:\/\/siemoto.me\/me\/wp-json\/wp\/v2\/product"}],"about":[{"href":"https:\/\/siemoto.me\/me\/wp-json\/wp\/v2\/types\/product"}],"wp:featuredmedia":[{"embeddable":true,"href":"https:\/\/siemoto.me\/me\/wp-json\/wp\/v2\/media\/3522"}],"wp:attachment":[{"href":"https:\/\/siemoto.me\/me\/wp-json\/wp\/v2\/media?parent=326"}],"wp:term":[{"taxonomy":"product_brand","embeddable":true,"href":"https:\/\/siemoto.me\/me\/wp-json\/wp\/v2\/product_brand?post=326"},{"taxonomy":"product_cat","embeddable":true,"href":"https:\/\/siemoto.me\/me\/wp-json\/wp\/v2\/product_cat?post=326"},{"taxonomy":"product_tag","embeddable":true,"href":"https:\/\/siemoto.me\/me\/wp-json\/wp\/v2\/product_tag?post=326"}],"curies":[{"name":"wp","href":"https:\/\/api.w.org\/{rel}","templated":true}]}}