{"id":3021,"date":"2026-01-30T03:33:46","date_gmt":"2026-01-30T00:33:46","guid":{"rendered":"https:\/\/siemoto.me\/?post_type=product&#038;p=3021"},"modified":"2026-04-27T18:13:44","modified_gmt":"2026-04-27T16:13:44","slug":"alarm-za-skuter-daljinsko-upravljanje","status":"publish","type":"product","link":"https:\/\/siemoto.me\/me\/alarm-za-skuter-daljinsko-upravljanje\/","title":{"rendered":"Alarmni sistem (Plug &amp; Play)"},"content":{"rendered":"<h2 style=\"font-size: 14px; font-weight: bold; margin-bottom: 10px;\">Alarmni sistem za skutere \u2013 Plug &amp; Play za ZNEN R9 125 III (ROOK).<\/h2>\n<p>Ovaj kompaktni alarmni sistem za motocikle nudi sna\u017enu za\u0161titu i prakti\u010dne funkcije daljinskog upravljanja. Dizajniran za skutere i motocikle, uklju\u010duje sirenu od 125 dB, centralnu kontrolnu jedinicu i dva daljinska priveska. Instalacija je pojednostavljena putem 8-pinskog konektora.)<\/p>","protected":false},"excerpt":{"rendered":"<div style=\"margin-top: 15px; line-height: 1.3;\"><strong><strong>Visokokvalitetni alarmni sistem za skutere<\/strong><\/strong><br \/>\n<strong>Oprema:<\/strong> 2 daljinska klju\u010da<br \/>\n<strong>Sirena:<\/strong> 125 dB<\/div>","protected":false},"featured_media":5085,"template":"","meta":{"site-sidebar-layout":"default","site-content-layout":"","ast-site-content-layout":"default","site-content-style":"default","site-sidebar-style":"default","ast-global-header-display":"","ast-banner-title-visibility":"","ast-main-header-display":"","ast-hfb-above-header-display":"","ast-hfb-below-header-display":"","ast-hfb-mobile-header-display":"","site-post-title":"","ast-breadcrumbs-content":"","ast-featured-img":"","footer-sml-layout":"","ast-disable-related-posts":"","theme-transparent-header-meta":"default","adv-header-id-meta":"","stick-header-meta":"","header-above-stick-meta":"","header-main-stick-meta":"","header-below-stick-meta":"","astra-migrate-meta-layouts":"set","ast-page-background-enabled":"default","ast-page-background-meta":{"desktop":{"background-color":"","background-image":"","background-repeat":"repeat","background-position":"center center","background-size":"auto","background-attachment":"scroll","background-type":"","background-media":"","overlay-type":"","overlay-color":"","overlay-opacity":"","overlay-gradient":""},"tablet":{"background-color":"","background-image":"","background-repeat":"repeat","background-position":"center center","background-size":"auto","background-attachment":"scroll","background-type":"","background-media":"","overlay-type":"","overlay-color":"","overlay-opacity":"","overlay-gradient":""},"mobile":{"background-color":"","background-image":"","background-repeat":"repeat","background-position":"center center","background-size":"auto","background-attachment":"scroll","background-type":"","background-media":"","overlay-type":"","overlay-color":"","overlay-opacity":"","overlay-gradient":""}},"ast-content-background-meta":{"desktop":{"background-color":"var(--ast-global-color-5)","background-image":"","background-repeat":"repeat","background-position":"center center","background-size":"auto","background-attachment":"scroll","background-type":"","background-media":"","overlay-type":"","overlay-color":"","overlay-opacity":"","overlay-gradient":""},"tablet":{"background-color":"var(--ast-global-color-5)","background-image":"","background-repeat":"repeat","background-position":"center center","background-size":"auto","background-attachment":"scroll","background-type":"","background-media":"","overlay-type":"","overlay-color":"","overlay-opacity":"","overlay-gradient":""},"mobile":{"background-color":"var(--ast-global-color-5)","background-image":"","background-repeat":"repeat","background-position":"center center","background-size":"auto","background-attachment":"scroll","background-type":"","background-media":"","overlay-type":"","overlay-color":"","overlay-opacity":"","overlay-gradient":""}}},"product_brand":[66],"product_cat":[107,105],"product_tag":[182],"class_list":{"0":"post-3021","1":"product","2":"type-product","3":"status-publish","4":"has-post-thumbnail","6":"product_brand-znen-skuteri","7":"product_cat-alarm-system","8":"product_cat-accessories","9":"product_tag-scooter-alarm-system","10":"product_shipping_class-accessories","11":"desktop-align-left","12":"tablet-align-left","13":"mobile-align-left","15":"first","16":"instock","17":"taxable","18":"shipping-taxable","19":"purchasable","20":"product-type-simple"},"_links":{"self":[{"href":"https:\/\/siemoto.me\/me\/wp-json\/wp\/v2\/product\/3021","targetHints":{"allow":["GET"]}}],"collection":[{"href":"https:\/\/siemoto.me\/me\/wp-json\/wp\/v2\/product"}],"about":[{"href":"https:\/\/siemoto.me\/me\/wp-json\/wp\/v2\/types\/product"}],"wp:featuredmedia":[{"embeddable":true,"href":"https:\/\/siemoto.me\/me\/wp-json\/wp\/v2\/media\/5085"}],"wp:attachment":[{"href":"https:\/\/siemoto.me\/me\/wp-json\/wp\/v2\/media?parent=3021"}],"wp:term":[{"taxonomy":"product_brand","embeddable":true,"href":"https:\/\/siemoto.me\/me\/wp-json\/wp\/v2\/product_brand?post=3021"},{"taxonomy":"product_cat","embeddable":true,"href":"https:\/\/siemoto.me\/me\/wp-json\/wp\/v2\/product_cat?post=3021"},{"taxonomy":"product_tag","embeddable":true,"href":"https:\/\/siemoto.me\/me\/wp-json\/wp\/v2\/product_tag?post=3021"}],"curies":[{"name":"wp","href":"https:\/\/api.w.org\/{rel}","templated":true}]}}