{"id":1093,"date":"2025-11-18T11:54:46","date_gmt":"2025-11-18T11:54:46","guid":{"rendered":"https:\/\/siemoto.me\/product\/bicycle-gloves-pink\/"},"modified":"2026-04-29T02:18:20","modified_gmt":"2026-04-29T00:18:20","slug":"kofer-za-skuter-bijela-perla","status":"publish","type":"product","link":"https:\/\/siemoto.me\/me\/kofer-za-skuter-bijela-perla\/","title":{"rendered":"Zadnji kofer (Bijela perla)"},"content":{"rendered":"<h2 style=\"font-size: 14px; font-weight: bold; margin-bottom: 10px;\">Kofer za skuter | Zadnji kofer za ZNEN R9 125 (ROOK)<\/h2>\n<div class=\"x_elementToProof\" data-olk-copy-source=\"MessageBody\">Kofer za skuter je fabri\u010dki uskla\u0111eno re\u0161enje za skladi\u0161tenje, dizajnirano specifi\u010dno za ZNEN R9 125 (ROOK).<\/div>\n<div class=\"x_elementToProof\">Dostupan u bojama Pearl White, Matte Black i Cherry Red kako bi se uklopio sa bojama karoserije skutera, savr\u0161eno se integri\u0161e sa zadnjim profilom i \u010duva originalne linije dizajna.<\/div>\n<div class=\"x_elementToProof\">Kofer poseduje mekani tapacirani naslon za udobnost suvoza\u010da i sigurnosnu bravu sa klju\u010dem za svakodnevnu upotrebu. Njegov unutra\u0161nji prostor je pogodan za 3\/4 kacigu ili svakodnevne potrep\u0161tine, \u0161to ga \u010dini prakti\u010dnim za gradsku vo\u017enju i du\u017ea putovanja.<\/div>\n<div class=\"x_elementToProof\">Ovaj dodatak se isporu\u010duje sa namenskom opremom za monta\u017eu i dizajniran je za precizno i stabilno prijanjanje.<\/div>\n<div class=\"x_elementToProof\"><\/div>","protected":false},"excerpt":{"rendered":"<div style=\"margin-top: 15px; line-height: 1.3;\">\n<p style=\"margin-bottom: 3px;\" class=\" translation-block\">\u25cf <strong>Fabri\u010dki uskla\u0111en dizajn:<\/strong> Specifi\u010dno za linije karoserije ZNEN R9 125.<\/p>\n<p style=\"margin-bottom: 3px;\" class=\" translation-block\">\u25cf <strong>Udobnost i bezbednost:<\/strong> Mekani naslon za suvoza\u010da i sigurna brava sa klju\u010dem.<\/p>\n<p style=\"margin-bottom: 0;\" class=\" translation-block\">\u25cf <strong>Prakti\u010dan prostor:<\/strong> Idealna veli\u010dina za 3\/4 kacigu ili svakodnevne potrep\u0161tine.<\/p>\n<\/div>","protected":false},"featured_media":3518,"template":"","meta":{"site-sidebar-layout":"default","site-content-layout":"default","ast-site-content-layout":"default","site-content-style":"default","site-sidebar-style":"default","ast-global-header-display":"","ast-banner-title-visibility":"","ast-main-header-display":"","ast-hfb-above-header-display":"","ast-hfb-below-header-display":"","ast-hfb-mobile-header-display":"","site-post-title":"disabled","ast-breadcrumbs-content":"disabled","ast-featured-img":"","footer-sml-layout":"","ast-disable-related-posts":"","theme-transparent-header-meta":"default","adv-header-id-meta":"","stick-header-meta":"","header-above-stick-meta":"","header-main-stick-meta":"","header-below-stick-meta":"","astra-migrate-meta-layouts":"set","ast-page-background-enabled":"default","ast-page-background-meta":{"desktop":{"background-color":"","background-image":"","background-repeat":"repeat","background-position":"center center","background-size":"auto","background-attachment":"scroll","background-type":"","background-media":"","overlay-type":"","overlay-color":"","overlay-opacity":"","overlay-gradient":""},"tablet":{"background-color":"","background-image":"","background-repeat":"repeat","background-position":"center center","background-size":"auto","background-attachment":"scroll","background-type":"","background-media":"","overlay-type":"","overlay-color":"","overlay-opacity":"","overlay-gradient":""},"mobile":{"background-color":"","background-image":"","background-repeat":"repeat","background-position":"center center","background-size":"auto","background-attachment":"scroll","background-type":"","background-media":"","overlay-type":"","overlay-color":"","overlay-opacity":"","overlay-gradient":""}},"ast-content-background-meta":{"desktop":{"background-color":"var(--ast-global-color-5)","background-image":"","background-repeat":"repeat","background-position":"center center","background-size":"auto","background-attachment":"scroll","background-type":"","background-media":"","overlay-type":"","overlay-color":"","overlay-opacity":"","overlay-gradient":""},"tablet":{"background-color":"var(--ast-global-color-5)","background-image":"","background-repeat":"repeat","background-position":"center center","background-size":"auto","background-attachment":"scroll","background-type":"","background-media":"","overlay-type":"","overlay-color":"","overlay-opacity":"","overlay-gradient":""},"mobile":{"background-color":"var(--ast-global-color-5)","background-image":"","background-repeat":"repeat","background-position":"center center","background-size":"auto","background-attachment":"scroll","background-type":"","background-media":"","overlay-type":"","overlay-color":"","overlay-opacity":"","overlay-gradient":""}}},"product_brand":[66],"product_cat":[117,105],"product_tag":[189,62,64,59],"class_list":{"0":"post-1093","1":"product","2":"type-product","3":"status-publish","4":"has-post-thumbnail","6":"product_brand-znen-skuteri","7":"product_cat-oprema-za-skutere","8":"product_cat-accessories","9":"product_tag-dodatna-oprema","10":"product_tag-scooter-accessories","11":"product_tag-top-box","12":"product_tag-znen","13":"product_shipping_class-accessories","14":"desktop-align-left","15":"tablet-align-left","16":"mobile-align-left","18":"first","19":"instock","20":"taxable","21":"shipping-taxable","22":"purchasable","23":"product-type-simple"},"_links":{"self":[{"href":"https:\/\/siemoto.me\/me\/wp-json\/wp\/v2\/product\/1093","targetHints":{"allow":["GET"]}}],"collection":[{"href":"https:\/\/siemoto.me\/me\/wp-json\/wp\/v2\/product"}],"about":[{"href":"https:\/\/siemoto.me\/me\/wp-json\/wp\/v2\/types\/product"}],"wp:featuredmedia":[{"embeddable":true,"href":"https:\/\/siemoto.me\/me\/wp-json\/wp\/v2\/media\/3518"}],"wp:attachment":[{"href":"https:\/\/siemoto.me\/me\/wp-json\/wp\/v2\/media?parent=1093"}],"wp:term":[{"taxonomy":"product_brand","embeddable":true,"href":"https:\/\/siemoto.me\/me\/wp-json\/wp\/v2\/product_brand?post=1093"},{"taxonomy":"product_cat","embeddable":true,"href":"https:\/\/siemoto.me\/me\/wp-json\/wp\/v2\/product_cat?post=1093"},{"taxonomy":"product_tag","embeddable":true,"href":"https:\/\/siemoto.me\/me\/wp-json\/wp\/v2\/product_tag?post=1093"}],"curies":[{"name":"wp","href":"https:\/\/api.w.org\/{rel}","templated":true}]}}