{"id":4134,"date":"2026-03-29T18:09:20","date_gmt":"2026-03-29T16:09:20","guid":{"rendered":"https:\/\/siemoto.me\/?page_id=4134"},"modified":"2026-03-29T18:31:48","modified_gmt":"2026-03-29T16:31:48","slug":"information-on-the-consumers-right-to-unilaterally-withdraw-from-a-contract-concluded-off-premises-or-at-a-distance","status":"publish","type":"page","link":"https:\/\/siemoto.me\/me\/information-on-the-consumers-right-to-unilaterally-withdraw-from-a-contract-concluded-off-premises-or-at-a-distance\/","title":{"rendered":"INFORMACIJE O PRAVU POTRO\u0160A\u010cA NA JEDNOSTRANI RASKID UGOVORA ZAKLJU\u010cENOG VAN POSLOVNIH PROSTORIJA ILI NA DALJINU"},"content":{"rendered":"<h4 class=\"wp-block-heading\"><strong>1. Pravo na jednostrani raskid ugovora<\/strong><\/h4>\n\n\n\n<p>Potro\u0161a\u010d ima pravo, osim u slu\u010dajevima kada je to pravo isklju\u010deno va\u017ee\u0107im propisima, da jednostrano raskine ugovor zaklju\u010den van poslovnih prostorija ili na daljinu, bez navo\u0111enja razloga, u roku od 14 dana.<\/p>\n\n\n\n<p>Kod ugovora o kupoprodaji, rok od 14 dana po\u010dinje da te\u010de od dana kada je roba predata potro\u0161a\u010du ili tre\u0107em licu koje je odredio potro\u0161a\u010d, a koje nije prevoznik.<\/p>\n\n\n\n<p>Ako je u okviru jedne porud\u017ebine naru\u010deno vi\u0161e komada robe koji treba da budu isporu\u010deni odvojeno, odnosno roba koja se isporu\u010duje u vi\u0161e djelova ili vi\u0161e po\u0161iljki, rok po\u010dinje da te\u010de od dana predaje posljednjeg dijela ili posljednje po\u0161iljke robe.<\/p>\n\n\n\n<p>Radi ostvarivanja prava na jednostrani raskid ugovora, potro\u0161a\u010d je du\u017ean da, prije isteka navedenog roka, dostavi trgovcu popunjen obrazac za raskid ugovora ili drugu nedvosmislenu izjavu o raskidu ugovora.<\/p>\n\n\n\n<p class=\" translation-block\"><p>Obavje\u0161tenje o raskidu ugovora mo\u017ee se podnijeti u elektronskoj formi putem elektronske forme postavljene na internet stranici <strong>siemoto.me<\/strong>, ili slanjem elektronske po\u0161te na adresu <strong>info@siemoto.me<\/strong>.<\/p><\/p>\n\n\n\n<p>Ako je obavje\u0161tenje o raskidu ugovora podneseno putem internet stranice, trgovac bez odlaganja dostavlja potro\u0161a\u010du potvrdu o prijemu takvog obavje\u0161tenja u elektronskoj formi.<\/p>\n\n\n\n<h4 class=\"wp-block-heading\"><strong>2. Posljedice jednostranog raskida ugovora<\/strong><\/h4>\n\n\n\n<h5 class=\"wp-block-heading\"><strong>2.1. Povra\u0107aj pla\u0107enog iznosa<\/strong><\/h5>\n\n\n\n<p>U slu\u010daju jednostranog raskida ugovora, trgovac vra\u0107a potro\u0161a\u010du sve \u0161to je pla\u0107eno na osnovu ugovora, uklju\u010duju\u0107i tro\u0161kove standardne isporuke, bez odlaganja, a najkasnije u roku od 14 dana od dana prijema obavje\u0161tenja o raskidu ugovora.<\/p>\n\n\n\n<p>Ako je potro\u0161a\u010d izabrao vrstu prevoza koja je skuplja od najjeftinijeg standardnog prevoza koji je ponudio trgovac, trgovac nije du\u017ean da izvr\u0161i povra\u0107aj dodatnih tro\u0161kova nastalih takvim izborom.<\/p>\n\n\n\n<p>Kod ugovora o kupoprodaji, osim ako je trgovac ponudio da sam preuzme robu koju potro\u0161a\u010d vra\u0107a, povra\u0107aj pla\u0107enog iznosa vr\u0161i se nakon prijema vra\u0107ene robe ili nakon prijema dokaza da je roba poslata trgovcu, u zavisnosti od toga \u0161ta nastupi ranije.<\/p>\n\n\n\n<p>Povra\u0107aj se vr\u0161i istim sredstvom pla\u0107anja koje je potro\u0161a\u010d koristio, osim ako je potro\u0161a\u010d izri\u010dito pristao na drugi na\u010din povra\u0107aja, bez dodatnih tro\u0161kova za potro\u0161a\u010da.<\/p>\n\n\n\n<p>U slu\u010dajevima predvi\u0111enim ta\u010dkom 2.4 ovog obrasca, iznos povra\u0107aja mo\u017ee biti umanjen za iznos umanjenja vrijednosti vra\u0107ene robe.<\/p>\n\n\n\n<h5 class=\"wp-block-heading\"><strong>2.2. Povra\u0107aj robe<\/strong><\/h5>\n\n\n\n<p>U slu\u010daju jednostranog raskida ugovora, potro\u0161a\u010d je du\u017ean da vrati robu trgovcu bez odlaganja, a najkasnije u roku od 14 dana od dana kada je obavijestio trgovca o raskidu ugovora.<\/p>\n\n\n\n<p>Rok se smatra ispo\u0161tovanim ako je prije njegovog isteka roba poslata trgovcu ili predata trgovcu ili licu koje je trgovac ovlastio da primi robu.<\/p>\n\n\n\n<p>\u010cinjenica i datum slanja ili predaje vra\u0107ene robe imaju pravni zna\u010daj za potvrdu urednog i blagovremenog ispunjenja obaveze potro\u0161a\u010da da vrati robu.<\/p>\n\n\n\n<p>Prilikom prijema vra\u0107ene robe, trgovac ima pravo da sa\u010dini zapisnik o prijemu i pregledu vra\u0107ene robe, kojim se evidentiraju kompletnost i stanje robe u trenutku povra\u0107aja.<\/p>\n\n\n\n<h5 class=\"wp-block-heading\"><strong>2.3. Tro\u0161kovi povra\u0107aja robe<\/strong><\/h5>\n\n\n\n<p>U slu\u010daju jednostranog raskida ugovora, potro\u0161a\u010d snosi direktne tro\u0161kove povra\u0107aja robe, osim ako je trgovac prihvatio da snosi te tro\u0161kove ili ako potro\u0161a\u010d o toj obavezi nije bio prethodno obavije\u0161ten.<\/p>\n\n\n\n<p>Ako je, kod ugovora zaklju\u010denog van poslovnih prostorija, roba u trenutku zaklju\u010denja ugovora bila dostavljena na adresu potro\u0161a\u010da, a zbog svoje prirode ne mo\u017ee biti vra\u0107ena na uobi\u010dajeni na\u010din po\u0161tom, trgovac preuzima robu o svom tro\u0161ku.<\/p>\n\n\n\n<p>Roba isporu\u010dena po\u0161tanskom po\u0161iljkom pod uslovima besplatne dostave (\u201eFree Shipping\u201c) vra\u0107a se od strane potro\u0161a\u010da povratnom po\u0161tanskom po\u0161iljkom na adresu po\u0161iljaoca navedenu u po\u0161tanskoj dokumentaciji.<\/p>\n\n\n\n<p class=\" translation-block\">U slu\u010dajevima kada potro\u0161a\u010d snosi direktne tro\u0161kove povra\u0107aja, vozila se vra\u0107aju na mjestu predaje robe (mjesto preuzimanja: <strong> \u0110enovi\u0107i, Herceg Novi<\/strong>).<\/p>\n\n\n\n<p>Potro\u0161a\u010d mo\u017ee naru\u010diti od trgovca posebnu uslugu povratnog prevoza vozila, uz prethodni dogovor sa trgovcem.<\/p>\n\n\n\n<p class=\" translation-block\">Za adrese koje ulaze u standardne tarifne zone trgovca, direktni tro\u0161kovi povratnog prevoza vozila odre\u0111uju se prema va\u017ee\u0107oj tarifnoj listi trgovca, objavljenoj na zvani\u010dnoj internet stranici trgovca, i iznose od <strong>50 do 140 EUR<\/strong>, u zavisnosti od zone.<\/p>\n\n\n\n<p class=\" translation-block\">Za druge adrese na teritoriji Crne Gore, do kojih postoji pristup putevima op\u0161te upotrebe sa \u010dvrstom podlogom i koje su pogodne za bezbjedan prilaz, manevrisanje i utovar vra\u0107enog vozila, cijena povratnog prevoza odre\u0111uje se pojedina\u010dno, ali ne mo\u017ee pre\u0107i <strong>350 EUR<\/strong>.<\/p>\n\n\n\n<p>Ako prilaz i utovar vra\u0107enog vozila na navedenoj adresi objektivno nijesu mogu\u0107i, povra\u0107aj se vr\u0161i sa najbli\u017eeg odgovaraju\u0107eg mjesta pogodnog za bezbjedno izvo\u0111enje utovarnih radnji.<\/p>\n\n\n\n<h5 class=\"wp-block-heading\"><strong>2.4. Odgovornost potro\u0161a\u010da za umanjenje vrijednosti robe<\/strong><\/h5>\n\n\n\n<p>Potro\u0161a\u010d odgovara za umanjenje vrijednosti robe koje nastane kao posljedica rukovanja robom na na\u010din koji prevazilazi ono \u0161to je potrebno za utvr\u0111ivanje prirode, obilje\u017eja i funkcionalnosti robe.<\/p>\n\n\n\n<p>Okolnosti koje, u zavisnosti od konkretnog stanja vra\u0107ene robe, mogu dovesti do umanjenja vrijednosti robe uklju\u010duju naro\u010dito:<\/p>\n\n\n\n<p class=\" translation-block\"><strong>za vozila (skutere):<\/strong><br>\n\u2014 pokretanje motora;<br>\n\u2014 promjenu o\u010ditanja na broja\u010du kilometara;<br>\n\u2014 dodavanje goriva, ulja ili drugih radnih te\u010dnosti; <br>\n\u2014 bilo kakvo pomjeranje ili operativno kori\u0161\u0107enje vozila;<br>\n\u2014 ugradnju dodatne opreme, dodataka ili djelova;<br>\n\u2014 pode\u0161avanja ili druge radnje koje prevazilaze vizuelni pregled i provjeru polo\u017eaja sjedenja \/ ergonomije;<br>\n\u2014 registraciju vozila na ime potro\u0161a\u010da, ako to uti\u010de na mogu\u0107nost njegove dalje prodaje kao novog vozila;<br>\n\u2014 o\u0161te\u0107enja, zaprljanost, tragove kori\u0161\u0107enja;<br>\n\u2014 nedostatak djelova kompleta, alata, klju\u010deva, dokumenata, uputstava, za\u0161titnih elemenata ili drugih sastavnih djelova.<\/p>\n\n\n\n<p class=\" translation-block\"><strong>za za\u0161titne kacige:<\/strong><br>\n\u2014 uklanjanje za\u0161titne folije sa vizira ili drugih za\u0161titnih elemenata;<br>\n\u2014 tragove no\u0161enja ili probanja koji prevazilaze uobi\u010dajenu kratku provjeru;<br>\n\u2014 kontakt sa kosom, znojem, ko\u017eom ili kozmetikom, ako je ostavio tragove na robi;<br>\n\u2014 o\u0161te\u0107enja, zaprljanost, mirise;<br>\n\u2014 nedostatak ambala\u017ee, ulo\u017eaka, futrola, oznaka, uputstava ili drugih sastavnih djelova.<\/p>\n\n\n\n<p class=\" translation-block\"><strong>za dodatnu opremu, rezervne djelove i potro\u0161ni materijal:<\/strong><br>\n\u2014 otvaranje ambala\u017ee, ako je primjenjivo;<br>\n\u2014 tragove ugradnje, probanja ili probne ugradnje;<br>\n\u2014 zaprljanost uljem, gorivom, pra\u0161inom ili drugim materijama;<br>\n\u2014 o\u0161te\u0107enje, nekompletnost;<br>\n\u2014 nedostatak pri\u010dvrsnog materijala, za\u0161titnih folija, ambala\u017ee, uputstava ili drugih sastavnih djelova.<\/p>\n\n\n\n<p>Radi upoznavanja potro\u0161a\u010da sa svojstvima i karakteristikama vozila (skutera), kao i, ako to dopu\u0161ta priroda robe, sa na\u010dinom njegove upotrebe, trgovac omogu\u0107ava prethodni pregled, ograni\u010den na vizuelni pregled robe i provjeru polo\u017eaja sjedenja \/ ergonomije.<\/p>\n\n\n\n<p>U izuzetnim slu\u010dajevima dozvoljena je kratka kontrolisana demonstraciona vo\u017enja na posebnom demonstracionom skuteru iste ili sli\u010dne vrste. Skuter koji je predmet prodaje ne koristi se u te svrhe.<\/p>\n\n\n\n<p>Visina umanjenja vrijednosti odre\u0111uje se prema stanju vra\u0107ene robe, njenoj kompletnosti i mogu\u0107nosti dalje prodaje.<\/p>\n\n\n\n<h5 class=\"wp-block-heading\"><strong>2.5. Posebno ugovorena usluga dostave vozila<\/strong><\/h5>\n\n\n\n<p>Ako potro\u0161a\u010d posebno naru\u010di i posebno plati uslugu dostave vozila, takva usluga ne smatra se sastavnim dijelom ugovora o kupoprodaji robe, ve\u0107 predstavlja posebnu uslugu koja se pru\u017ea pod posebnim uslovima.<\/p>\n\n\n\n<p>Na ovu uslugu primjenjuju se posebni uslovi dostave trgovca i va\u017ee\u0107i propisi.<\/p>\n\n\n\n<p>U slu\u010dajevima kada je predmet takvog ugovora usluga prevoza robe ugovorena za odre\u0111eni datum ili u odre\u0111enom vremenskom periodu, pravo na jednostrani raskid ugovora ne primjenjuje se, u skladu sa va\u017ee\u0107im propisima.<\/p>\n\n\n\n<p>Ovo ne uti\u010de na pravo potro\u0161a\u010da na jednostrani raskid ugovora o kupoprodaji robe, kada to pravo postoji u skladu sa zakonom.<\/p>","protected":false},"excerpt":{"rendered":"<p>1. Right to unilaterally withdraw from the contract The consumer has the right, except in cases where such right is excluded by applicable regulations, to unilaterally withdraw from a contract concluded off-premises or at a distance, without stating any reason, within 14 days. In the case of a sales contract, the 14-day period starts to [&hellip;]<\/p>\n","protected":false},"author":2,"featured_media":0,"parent":0,"menu_order":0,"comment_status":"closed","ping_status":"closed","template":"","meta":{"site-sidebar-layout":"default","site-content-layout":"","ast-site-content-layout":"default","site-content-style":"default","site-sidebar-style":"default","ast-global-header-display":"","ast-banner-title-visibility":"","ast-main-header-display":"","ast-hfb-above-header-display":"","ast-hfb-below-header-display":"","ast-hfb-mobile-header-display":"","site-post-title":"","ast-breadcrumbs-content":"","ast-featured-img":"","footer-sml-layout":"","ast-disable-related-posts":"","theme-transparent-header-meta":"","adv-header-id-meta":"","stick-header-meta":"","header-above-stick-meta":"","header-main-stick-meta":"","header-below-stick-meta":"","astra-migrate-meta-layouts":"set","ast-page-background-enabled":"default","ast-page-background-meta":{"desktop":{"background-color":"","background-image":"","background-repeat":"repeat","background-position":"center center","background-size":"auto","background-attachment":"scroll","background-type":"","background-media":"","overlay-type":"","overlay-color":"","overlay-opacity":"","overlay-gradient":""},"tablet":{"background-color":"","background-image":"","background-repeat":"repeat","background-position":"center center","background-size":"auto","background-attachment":"scroll","background-type":"","background-media":"","overlay-type":"","overlay-color":"","overlay-opacity":"","overlay-gradient":""},"mobile":{"background-color":"","background-image":"","background-repeat":"repeat","background-position":"center center","background-size":"auto","background-attachment":"scroll","background-type":"","background-media":"","overlay-type":"","overlay-color":"","overlay-opacity":"","overlay-gradient":""}},"ast-content-background-meta":{"desktop":{"background-color":"var(--ast-global-color-5)","background-image":"","background-repeat":"repeat","background-position":"center center","background-size":"auto","background-attachment":"scroll","background-type":"","background-media":"","overlay-type":"","overlay-color":"","overlay-opacity":"","overlay-gradient":""},"tablet":{"background-color":"var(--ast-global-color-5)","background-image":"","background-repeat":"repeat","background-position":"center center","background-size":"auto","background-attachment":"scroll","background-type":"","background-media":"","overlay-type":"","overlay-color":"","overlay-opacity":"","overlay-gradient":""},"mobile":{"background-color":"var(--ast-global-color-5)","background-image":"","background-repeat":"repeat","background-position":"center center","background-size":"auto","background-attachment":"scroll","background-type":"","background-media":"","overlay-type":"","overlay-color":"","overlay-opacity":"","overlay-gradient":""}},"footnotes":""},"class_list":["post-4134","page","type-page","status-publish","hentry"],"_links":{"self":[{"href":"https:\/\/siemoto.me\/me\/wp-json\/wp\/v2\/pages\/4134","targetHints":{"allow":["GET"]}}],"collection":[{"href":"https:\/\/siemoto.me\/me\/wp-json\/wp\/v2\/pages"}],"about":[{"href":"https:\/\/siemoto.me\/me\/wp-json\/wp\/v2\/types\/page"}],"author":[{"embeddable":true,"href":"https:\/\/siemoto.me\/me\/wp-json\/wp\/v2\/users\/2"}],"replies":[{"embeddable":true,"href":"https:\/\/siemoto.me\/me\/wp-json\/wp\/v2\/comments?post=4134"}],"version-history":[{"count":0,"href":"https:\/\/siemoto.me\/me\/wp-json\/wp\/v2\/pages\/4134\/revisions"}],"wp:attachment":[{"href":"https:\/\/siemoto.me\/me\/wp-json\/wp\/v2\/media?parent=4134"}],"curies":[{"name":"wp","href":"https:\/\/api.w.org\/{rel}","templated":true}]}}