{"id":4026,"date":"2026-03-26T11:03:23","date_gmt":"2026-03-26T10:03:23","guid":{"rendered":"https:\/\/siemoto.me\/?page_id=4026"},"modified":"2026-03-27T13:53:40","modified_gmt":"2026-03-27T12:53:40","slug":"commercial-warranty-terms-and-optional-extended-warranty-terms-2","status":"publish","type":"page","link":"https:\/\/siemoto.me\/me\/commercial-warranty-terms-and-optional-extended-warranty-terms-2\/","title":{"rendered":"Uslovi komercijalne garancije i opcione produ\u017eene garancije"},"content":{"rendered":"<h4 class=\"wp-block-heading\">Uslovi komercijalne garancije i opcione produ\u017eene garancije<\/h4>\n\n\n\n<h4 class=\"wp-block-heading\"><strong>1. OP\u0160TE ODREDBE<\/strong><\/h4>\n\n\n\n<p>Ovi uslovi ure\u0111uju:<\/p>\n\n\n\n<ul class=\"wp-block-list\">\n<li class=\" translation-block\">komercijalnu garanciju na ram u trajanju od 5 godina, koja je uklju\u010dena u kupovinu novog vozila; i<\/li>\n\n\n\n<li class=\" translation-block\">opcionu 3. godinu garancije na motor i elektroniku, koja se ugovara posebno i dodatno pla\u0107a.<\/li>\n<\/ul>\n\n\n\n<p class=\" translation-block\">Ove komercijalne garancije ne ograni\u010davaju i ne isklju\u010duju zakonska prava potro\u0161a\u010da, uklju\u010duju\u0107i prava po osnovu zakonske za\u0161tite \/ saobraznosti.<\/p>\n\n\n\n<p class=\" translation-block\">Komercijalna garancija va\u017ei samo za novo vozilo kupljeno od Prodavca i odnosi se samo na proizvodne nedostatke, pod uslovima navedenim u ovom dokumentu.<\/p>\n\n\n\n<h4 class=\"wp-block-heading translation-block\">2. 5 GODINA GARANCIJE NA RAM<\/h4>\n\n\n\n<p><strong>2.1. Trajanje<\/strong><\/p>\n\n\n\n<p class=\" translation-block\">Garancija na ram va\u017ei 5 godina od dana primopredaje vozila prvom kupcu.<\/p>\n\n\n\n<p><strong>2.2. \u0160ta je obuhva\u0107eno<\/strong><\/p>\n\n\n\n<p>Garancija na ram obuhvata:<\/p>\n\n\n\n<ul class=\"wp-block-list\">\n<li>glavni okvir \/ ram vozila;<\/li>\n\n\n\n<li>fabri\u010dke nose\u0107e varove na glavnom ramu;<\/li>\n\n\n\n<li>strukturne proizvodne nedostatke glavnog rama;<\/li>\n\n\n\n<li>pukotine, lomove ili trajne deformacije glavnog rama nastale usljed proizvodnog nedostatka, pri normalnoj upotrebi vozila.<\/li>\n<\/ul>\n\n\n\n<p><strong>2.3. \u0160ta nije obuhva\u0107eno<\/strong><\/p>\n\n\n\n<p>Garancija na ram ne obuhvata:<\/p>\n\n\n\n<ul class=\"wp-block-list\">\n<li>o\u0161te\u0107enja nastala usljed saobra\u0107ajne nezgode, pada, udara ili prevrtanja;<\/li>\n\n\n\n<li>o\u0161te\u0107enja usljed preoptere\u0107enja vozila;<\/li>\n\n\n\n<li>koroziju, povr\u0161insku oksidaciju ili estetske nedostatke boje i zavr\u0161ne obrade;<\/li>\n\n\n\n<li>o\u0161te\u0107enja nastala usljed neovla\u0161\u0107enog varenja, bu\u0161enja, rezanja, prepravki ili modifikacija;<\/li>\n\n\n\n<li>djelove koji nijesu glavni nose\u0107i ram vozila, uklju\u010duju\u0107i nosa\u010de dodatne opreme, plasti\u010dne elemente, metalne nosa\u010de oplate, kofer nosa\u010de, vizir nosa\u010de i sli\u010dne pomo\u0107ne djelove;<\/li>\n\n\n\n<li>o\u0161te\u0107enja nastala usljed nepravilnog odr\u017eavanja, nepravilnog skladi\u0161tenja ili o\u010digledne zloupotrebe vozila.<\/li>\n<\/ul>\n\n\n\n<p><strong>2.4. Na\u010din ispunjenja<\/strong><\/p>\n\n\n\n<p>Ako je zahtjev osnovan, Prodavac po svom izboru:<\/p>\n\n\n\n<ul class=\"wp-block-list\">\n<li>vr\u0161i popravku;<\/li>\n\n\n\n<li>zamjenjuje neispravan dio; ili<\/li>\n\n\n\n<li>obezbje\u0111uje drugo razumno tehni\u010dko rje\u0161enje.<\/li>\n<\/ul>\n\n\n\n<p class=\" translation-block\">Garancija na ram ne daje pravo na isplatu novca, zamjenu cijelog vozila ili raskid ugovora, osim ako to proizlazi iz obaveznih zakonskih pravila.<\/p>\n\n\n\n<h4 class=\"wp-block-heading\"><strong>3. OPCIONA 3.GODINA GARANCIJE NA MOTOR I ELEKTRONIKU<\/strong><\/h4>\n\n\n\n<p><strong>3.1. Trajanje<\/strong><\/p>\n\n\n\n<p class=\" translation-block\">Opciona 3.godina garancije va\u017ei od isteka 24 mjeseca od dana primopredaje vozila do isteka 36 mjeseci od dana primopredaje vozila.<\/p>\n\n\n\n<p><strong>3.2. Na\u010din ugovaranja<\/strong><\/p>\n\n\n\n<p class=\" translation-block\">Ova garancija se ugovara posebno, uz dodatnu naknadu, i iskazuje se kao posebna stavka u dokumentaciji Prodavca.<\/p>\n\n\n\n<p><strong>3.3. Cijena<\/strong><\/p>\n\n\n\n<p>Preporu\u010dena cijena:<\/p>\n\n\n\n<ul class=\"wp-block-list\">\n<li class=\" translation-block\">99 \u20ac, ako se ugovara pri kupovini skutera.<\/li>\n<\/ul>\n\n\n\n<p><strong>3.4. \u0160ta je obuhva\u0107eno<\/strong><\/p>\n\n\n\n<p class=\" translation-block\">Opciona 3.godina garancije obuhvata proizvodne nedostatke na sljede\u0107im sklopovima:<\/p>\n\n\n\n<p><strong>Motor \u2013 osnovni unutra\u0161nji sklopovi<\/strong><\/p>\n\n\n\n<ul class=\"wp-block-list\">\n<li>radilica;<\/li>\n\n\n\n<li>klip;<\/li>\n\n\n\n<li>klipnja\u010da;<\/li>\n\n\n\n<li>cilindar;<\/li>\n\n\n\n<li>glava cilindra, ako je neispravnost posljedica proizvodnog nedostatka;<\/li>\n\n\n\n<li>bregasta osovina;<\/li>\n\n\n\n<li>klackalice \/ ventilni mehanizam, ako je neispravnost posljedica proizvodnog nedostatka;<\/li>\n\n\n\n<li>uljna pumpa, ako je neispravnost posljedica proizvodnog nedostatka.<\/li>\n<\/ul>\n\n\n\n<p><strong>Elektronika \u2013 osnovne komponente<\/strong><\/p>\n\n\n\n<ul class=\"wp-block-list\">\n<li>ECU;<\/li>\n\n\n\n<li>injector;<\/li>\n\n\n\n<li>elektri\u010dna pumpa goriva;<\/li>\n\n\n\n<li>bobina \/ ignition coil;<\/li>\n\n\n\n<li>stator;<\/li>\n\n\n\n<li>regler \/ regulator-rectifier;<\/li>\n\n\n\n<li>elektropokreta\u010d \/ starter motor;<\/li>\n\n\n\n<li>relej anlasera \/ starter relay;<\/li>\n\n\n\n<li>instrument tabla, ako je neispravnost posljedica proizvodnog nedostatka.<\/li>\n<\/ul>\n\n\n\n<p><strong>3.5. \u0160ta nije obuhva\u0107eno<\/strong><\/p>\n\n\n\n<p>Opciona 3.godina garancije ne obuhvata:<\/p>\n\n\n\n<ul class=\"wp-block-list\">\n<li>akumulator;<\/li>\n\n\n\n<li>sijalice, osigura\u010de i potro\u0161ne elektri\u010dne elemente;<\/li>\n\n\n\n<li>svje\u0107icu;<\/li>\n\n\n\n<li>filtere;<\/li>\n\n\n\n<li>pogonski kai\u0161;<\/li>\n\n\n\n<li>rolnice variomata;<\/li>\n\n\n\n<li>ko\u010dione plo\u010dice i paknove;<\/li>\n\n\n\n<li>gume;<\/li>\n\n\n\n<li>sajle, pode\u0161avanja i redovno servisno odr\u017eavanje;<\/li>\n\n\n\n<li>plasti\u010dne elemente, lak, ukrasne i estetske djelove;<\/li>\n\n\n\n<li>kvarove nastale usljed nepravilnog odr\u017eavanja, neblagovremene zamjene ulja ili nepravilne upotrebe;<\/li>\n\n\n\n<li>kvarove nastale usljed pogre\u0161nog goriva, neodgovaraju\u0107eg maziva ili neovla\u0161\u0107enih modifikacija;<\/li>\n\n\n\n<li>o\u0161te\u0107enja izazvana udarom, padom, prodorom vode, korozijom, po\u017earom, vandalizmom ili spoljnim uticajem;<\/li>\n\n\n\n<li>kvarove na dodatno ugra\u0111enoj opremi koja nije fabri\u010dki predvi\u0111ena ili koju nije ugradio \/ odobrio Prodavac.<\/li>\n<\/ul>\n\n\n\n<h4 class=\"wp-block-heading\"><strong>4. OP\u0160TI USLOVI VA\u017dENJA GARANCIJE<\/strong><\/h4>\n\n\n\n<p>Komercijalna garancija i opciona produ\u017eena garancija va\u017ee samo ako su ispunjeni svi sljede\u0107i uslovi:<\/p>\n\n\n\n<ul class=\"wp-block-list\">\n<li>vozilo je kupljeno kao novo od Prodavca;<\/li>\n\n\n\n<li>identitet vozila mo\u017ee se utvrditi po VIN broju i prodajnoj dokumentaciji;<\/li>\n\n\n\n<li>vozilo je odr\u017eavano u skladu sa planom redovnog odr\u017eavanja;<\/li>\n\n\n\n<li>kupac \u010duva ra\u010dune i\/ili drugu dokazivu evidenciju o izvr\u0161enom redovnom odr\u017eavanju;<\/li>\n\n\n\n<li>na vozilu nijesu izvr\u0161ene neovla\u0161\u0107ene prepravke;<\/li>\n\n\n\n<li>vozilo nije kori\u0161\u0107eno na na\u010din koji o\u010digledno prelazi normalnu namjenu i konstrukciona ograni\u010denja vozila.<\/li>\n<\/ul>\n\n\n\n<h4 class=\"wp-block-heading\"><strong>5. POSTUPAK PRIJAVE KVARA \/ ZAHTJEVA<\/strong><\/h4>\n\n\n\n<p>Kupac je du\u017ean da:<\/p>\n\n\n\n<ul class=\"wp-block-list\">\n<li class=\" translation-block\">prijavi kvar Prodavcu bez odlaganja, a najkasnije u razumnom roku od saznanja za kvar;<\/li>\n\n\n\n<li>prekine dalju upotrebu vozila ako bi dalja vo\u017enja mogla pove\u0107ati \u0161tetu;<\/li>\n\n\n\n<li>omogu\u0107i Prodavcu pregled vozila i dijagnostiku prije popravke;<\/li>\n\n\n\n<li>ne vr\u0161i samostalnu popravku bez prethodne saglasnosti Prodavca, osim ako je to bilo nu\u017eno radi spre\u010davanja dalje \u0161tete i ako je to mogu\u0107e dokazati.<\/li>\n<\/ul>\n\n\n\n<p>Prodavac ima pravo da prije odlu\u010divanja o zahtjevu izvr\u0161i pregled vozila, dijagnostiku i provjeru servisne istorije.<\/p>\n\n\n\n<h4 class=\"wp-block-heading\"><strong>6. TRO\u0160KOVI KOJI NIJESU OBUHVA\u0106ENI<\/strong><\/h4>\n\n\n\n<p class=\" translation-block\">Osim ako Prodavac izri\u010dito ne odlu\u010di druga\u010dije u konkretnom slu\u010daju, komercijalna garancija i opciona produ\u017eena garancija ne obuhvataju:<\/p>\n\n\n\n<ul class=\"wp-block-list\">\n<li>tro\u0161ak prevoza vozila do mjesta pregleda ili popravke;<\/li>\n\n\n\n<li>tro\u0161ak dostave ili preuzimanja vozila;<\/li>\n\n\n\n<li>tro\u0161ak redovnog servisa, potro\u0161nog materijala i pode\u0161avanja;<\/li>\n\n\n\n<li>gubitak vremena, gubitak prihoda, zamjensko vozilo ili bilo kakvu posrednu \u0161tetu.<\/li>\n<\/ul>\n\n\n\n<h4 class=\"wp-block-heading\"><strong>7. TERITORIJA I MJESTO OSTVARIVANJA<\/strong><\/h4>\n\n\n\n<p class=\" translation-block\">Garancija se ostvaruje preko Prodavca na teritoriji Crne Gore, odnosno na drugom mjestu koje Prodavac pisano odredi za pregled i rje\u0161avanje zahtjeva.<\/p>\n\n\n\n<h4 class=\"wp-block-heading\"><strong>8. PRENOSIVOST<\/strong><\/h4>\n\n\n\n<p class=\" translation-block\">Ove komercijalne garancije va\u017ee samo za prvog kupca, osim ako Prodavac izri\u010dito pisano ne odobri druga\u010dije.<\/p>\n\n\n\n<h4 class=\"wp-block-heading\"><strong>9. ODNOS PREMA ZAKONSKOJ ZA\u0160TITI<\/strong><\/h4>\n\n\n\n<p class=\" translation-block\">Ove komercijalne garancije su dodatne pogodnosti i ne uti\u010du na zakonska prava potro\u0161a\u010da.<\/p>\n\n\n\n<p><\/p>","protected":false},"excerpt":{"rendered":"<p>Commercial Warranty Terms and Optional Extended Warranty Terms 1. GENERAL PROVISIONS These Terms govern: These commercial warranties do not limit or exclude the consumer\u2019s statutory rights, including rights arising from statutory conformity \/ legal protection. The commercial warranty applies only to a new vehicle purchased from the Seller and applies only to manufacturing defects, under [&hellip;]<\/p>\n","protected":false},"author":2,"featured_media":0,"parent":0,"menu_order":0,"comment_status":"closed","ping_status":"closed","template":"","meta":{"site-sidebar-layout":"default","site-content-layout":"","ast-site-content-layout":"default","site-content-style":"default","site-sidebar-style":"default","ast-global-header-display":"","ast-banner-title-visibility":"","ast-main-header-display":"","ast-hfb-above-header-display":"","ast-hfb-below-header-display":"","ast-hfb-mobile-header-display":"","site-post-title":"disabled","ast-breadcrumbs-content":"","ast-featured-img":"","footer-sml-layout":"","ast-disable-related-posts":"","theme-transparent-header-meta":"","adv-header-id-meta":"","stick-header-meta":"","header-above-stick-meta":"","header-main-stick-meta":"","header-below-stick-meta":"","astra-migrate-meta-layouts":"set","ast-page-background-enabled":"default","ast-page-background-meta":{"desktop":{"background-color":"","background-image":"","background-repeat":"repeat","background-position":"center center","background-size":"auto","background-attachment":"scroll","background-type":"","background-media":"","overlay-type":"","overlay-color":"","overlay-opacity":"","overlay-gradient":""},"tablet":{"background-color":"","background-image":"","background-repeat":"repeat","background-position":"center center","background-size":"auto","background-attachment":"scroll","background-type":"","background-media":"","overlay-type":"","overlay-color":"","overlay-opacity":"","overlay-gradient":""},"mobile":{"background-color":"","background-image":"","background-repeat":"repeat","background-position":"center center","background-size":"auto","background-attachment":"scroll","background-type":"","background-media":"","overlay-type":"","overlay-color":"","overlay-opacity":"","overlay-gradient":""}},"ast-content-background-meta":{"desktop":{"background-color":"var(--ast-global-color-5)","background-image":"","background-repeat":"repeat","background-position":"center center","background-size":"auto","background-attachment":"scroll","background-type":"","background-media":"","overlay-type":"","overlay-color":"","overlay-opacity":"","overlay-gradient":""},"tablet":{"background-color":"var(--ast-global-color-5)","background-image":"","background-repeat":"repeat","background-position":"center center","background-size":"auto","background-attachment":"scroll","background-type":"","background-media":"","overlay-type":"","overlay-color":"","overlay-opacity":"","overlay-gradient":""},"mobile":{"background-color":"var(--ast-global-color-5)","background-image":"","background-repeat":"repeat","background-position":"center center","background-size":"auto","background-attachment":"scroll","background-type":"","background-media":"","overlay-type":"","overlay-color":"","overlay-opacity":"","overlay-gradient":""}},"footnotes":""},"class_list":["post-4026","page","type-page","status-publish","hentry"],"_links":{"self":[{"href":"https:\/\/siemoto.me\/me\/wp-json\/wp\/v2\/pages\/4026","targetHints":{"allow":["GET"]}}],"collection":[{"href":"https:\/\/siemoto.me\/me\/wp-json\/wp\/v2\/pages"}],"about":[{"href":"https:\/\/siemoto.me\/me\/wp-json\/wp\/v2\/types\/page"}],"author":[{"embeddable":true,"href":"https:\/\/siemoto.me\/me\/wp-json\/wp\/v2\/users\/2"}],"replies":[{"embeddable":true,"href":"https:\/\/siemoto.me\/me\/wp-json\/wp\/v2\/comments?post=4026"}],"version-history":[{"count":0,"href":"https:\/\/siemoto.me\/me\/wp-json\/wp\/v2\/pages\/4026\/revisions"}],"wp:attachment":[{"href":"https:\/\/siemoto.me\/me\/wp-json\/wp\/v2\/media?parent=4026"}],"curies":[{"name":"wp","href":"https:\/\/api.w.org\/{rel}","templated":true}]}}