{"id":3965,"date":"2026-03-24T19:35:42","date_gmt":"2026-03-24T18:35:42","guid":{"rendered":"https:\/\/siemoto.me\/?page_id=3965"},"modified":"2026-03-30T13:42:08","modified_gmt":"2026-03-30T11:42:08","slug":"politika-kolacica","status":"publish","type":"page","link":"https:\/\/siemoto.me\/me\/politika-kolacica\/","title":{"rendered":"Politika kola\u010di\u0107a"},"content":{"rendered":"<h4 class=\"wp-block-heading\"><strong>Politika kola\u010di\u0107a<\/strong><\/h4>\n\n\n\n<p>Ova Politika kola\u010di\u0107a obja\u0161njava kako <strong>siemoto.me<\/strong> koristi kola\u010di\u0107e i sli\u010dne tehnologije.<\/p>\n\n\n\n<h4 class=\"wp-block-heading\"><strong>1. \u0160ta su kola\u010di\u0107i?<\/strong><\/h4>\n\n\n\n<p>Kola\u010di\u0107i su male tekstualne datoteke koje se \u010duvaju na va\u0161em ure\u0111aju kada posjetite internet stranicu.<\/p>\n\n\n\n<p>Oni poma\u017eu pravilnom funkcionisanju internet stranice i podr\u017eavaju njene osnovne funkcije.<\/p>\n\n\n\n<h4 class=\"wp-block-heading\"><strong>2. Kola\u010di\u0107i koje koristimo<\/strong><\/h4>\n\n\n\n<p>Koristimo samo obavezne WordPress i WooCommerce kola\u010di\u0107e koji su neophodni za rad internet stranice.<\/p>\n\n\n\n<p>Ovi kola\u010di\u0107i mogu se koristiti, na primjer, za:<\/p>\n\n\n\n<ul class=\"wp-block-list\">\n<li>odr\u017eavanje va\u0161e sesije;<\/li>\n\n\n\n<li>pam\u0107enje sadr\u017eaja korpe tokom checkout procesa;<\/li>\n\n\n\n<li>podr\u0161ku funkcijama prijave ili korisni\u010dkog naloga, ako se koriste;<\/li>\n\n\n\n<li>omogu\u0107avanje osnovne bezbjednosti i tehni\u010dkog rada internet stranice.<\/li>\n<\/ul>\n\n\n\n<p>Ovi kola\u010di\u0107i su neophodni za pravilno funkcionisanje internet stranice i njenih osnovnih funkcija.<\/p>\n\n\n\n<h4 class=\"wp-block-heading\"><strong>3. Kola\u010di\u0107i koje ne koristimo<\/strong><\/h4>\n\n\n\n<p>Ne koristimo:<\/p>\n\n\n\n<ul class=\"wp-block-list\">\n<li>reklamne kola\u010di\u0107e;<\/li>\n\n\n\n<li>remarketing kola\u010di\u0107e;<\/li>\n\n\n\n<li>kola\u010di\u0107e za ogla\u0161avanje na dru\u0161tvenim mre\u017eama;<\/li>\n\n\n\n<li>kola\u010di\u0107e za direktni marketing.<\/li>\n<\/ul>\n\n\n\n<p>Tako\u0111e trenutno ne koristimo analiti\u010dke kola\u010di\u0107e putem internet stranice.<\/p>\n\n\n\n<h4 class=\"wp-block-heading\"><strong>4. Upravljanje kola\u010di\u0107ima<\/strong><\/h4>\n\n\n\n<p>Kola\u010di\u0107e mo\u017eete kontrolisati ili onemogu\u0107iti putem pode\u0161avanja va\u0161eg browsera.<\/p>\n\n\n\n<p>Me\u0111utim, onemogu\u0107avanje obaveznih kola\u010di\u0107a mo\u017ee sprije\u010diti pravilno funkcionisanje internet stranice, korpe, checkout procesa ili drugih osnovnih funkcija.<\/p>\n\n\n\n<h4 class=\"wp-block-heading\"><strong>5. Saglasnost<\/strong><\/h4>\n\n\n\n<p>Po\u0161to koristimo samo kola\u010di\u0107e koji su neophodni za rad internet stranice, takvi kola\u010di\u0107i mogu se koristiti bez posebne opcione saglasnosti, kada je to dozvoljeno va\u017ee\u0107im propisima.<\/p>\n\n\n\n<p>Ako internet stranica u budu\u0107nosti po\u010dne da koristi kola\u010di\u0107e koji nijesu obavezni, ova Politika kola\u010di\u0107a i odgovaraju\u0107e obavje\u0161tenje ili pode\u0161avanja kola\u010di\u0107a bi\u0107e odgovaraju\u0107e a\u017eurirani.<\/p>\n\n\n\n<h4 class=\"wp-block-heading\"><strong>6. Kontakt<\/strong><\/h4>\n\n\n\n<p>Ako imate pitanja u vezi sa kola\u010di\u0107ima ili obradom li\u010dnih podataka, kontaktirajte nas na:<\/p>\n\n\n\n<p><strong>info@siemoto.me<\/strong><\/p>\n\n\n\n<p><strong>Dokument je dostupan i na engleskom jeziku<\/strong>.<\/p>\n\n\n\n<p><em>(This document is also available in English)<\/em><\/p>\n\n\n\n<div class=\"wp-block-file has-ast-global-color-4-background-color has-background has-link-color wp-elements-3cf41398c5ee84cf60763a3c42aed4d9\" style=\"padding-top:var(--wp--preset--spacing--20);padding-right:var(--wp--preset--spacing--20);padding-bottom:var(--wp--preset--spacing--20);padding-left:var(--wp--preset--spacing--20)\"><a id=\"wp-block-file--media-7c8e16a4-fde3-47df-8129-9d1547053f86\" href=\"https:\/\/siemoto.me\/wp-content\/uploads\/2026\/03\/Cookie.pdf\" target=\"_blank\" rel=\"noreferrer noopener\"><strong>Download:\u00a0Cookie (PDF)<\/strong><\/a><a href=\"https:\/\/siemoto.me\/wp-content\/uploads\/2026\/03\/Cookie.pdf\" class=\"wp-block-file__button wp-element-button\" download aria-describedby=\"wp-block-file--media-7c8e16a4-fde3-47df-8129-9d1547053f86\">Preuzmi<\/a><\/div>\n\n\n\n<p><\/p>","protected":false},"excerpt":{"rendered":"<p>Politika kola\u010di\u0107a Ova Politika kola\u010di\u0107a obja\u0161njava kako siemoto.me koristi kola\u010di\u0107e i sli\u010dne tehnologije. 1. \u0160ta su kola\u010di\u0107i? Kola\u010di\u0107i su male tekstualne datoteke koje se \u010duvaju na va\u0161em ure\u0111aju kada posjetite internet stranicu. Oni poma\u017eu pravilnom funkcionisanju internet stranice i podr\u017eavaju njene osnovne funkcije. 2. Kola\u010di\u0107i koje koristimo Koristimo samo obavezne WordPress i WooCommerce kola\u010di\u0107e koji [&hellip;]<\/p>\n","protected":false},"author":2,"featured_media":0,"parent":0,"menu_order":0,"comment_status":"closed","ping_status":"closed","template":"","meta":{"site-sidebar-layout":"default","site-content-layout":"","ast-site-content-layout":"default","site-content-style":"default","site-sidebar-style":"default","ast-global-header-display":"","ast-banner-title-visibility":"","ast-main-header-display":"","ast-hfb-above-header-display":"","ast-hfb-below-header-display":"","ast-hfb-mobile-header-display":"","site-post-title":"disabled","ast-breadcrumbs-content":"","ast-featured-img":"","footer-sml-layout":"","ast-disable-related-posts":"","theme-transparent-header-meta":"","adv-header-id-meta":"","stick-header-meta":"","header-above-stick-meta":"","header-main-stick-meta":"","header-below-stick-meta":"","astra-migrate-meta-layouts":"set","ast-page-background-enabled":"default","ast-page-background-meta":{"desktop":{"background-color":"","background-image":"","background-repeat":"repeat","background-position":"center center","background-size":"auto","background-attachment":"scroll","background-type":"","background-media":"","overlay-type":"","overlay-color":"","overlay-opacity":"","overlay-gradient":""},"tablet":{"background-color":"","background-image":"","background-repeat":"repeat","background-position":"center center","background-size":"auto","background-attachment":"scroll","background-type":"","background-media":"","overlay-type":"","overlay-color":"","overlay-opacity":"","overlay-gradient":""},"mobile":{"background-color":"","background-image":"","background-repeat":"repeat","background-position":"center center","background-size":"auto","background-attachment":"scroll","background-type":"","background-media":"","overlay-type":"","overlay-color":"","overlay-opacity":"","overlay-gradient":""}},"ast-content-background-meta":{"desktop":{"background-color":"var(--ast-global-color-5)","background-image":"","background-repeat":"repeat","background-position":"center center","background-size":"auto","background-attachment":"scroll","background-type":"","background-media":"","overlay-type":"","overlay-color":"","overlay-opacity":"","overlay-gradient":""},"tablet":{"background-color":"var(--ast-global-color-5)","background-image":"","background-repeat":"repeat","background-position":"center center","background-size":"auto","background-attachment":"scroll","background-type":"","background-media":"","overlay-type":"","overlay-color":"","overlay-opacity":"","overlay-gradient":""},"mobile":{"background-color":"var(--ast-global-color-5)","background-image":"","background-repeat":"repeat","background-position":"center center","background-size":"auto","background-attachment":"scroll","background-type":"","background-media":"","overlay-type":"","overlay-color":"","overlay-opacity":"","overlay-gradient":""}},"footnotes":""},"class_list":["post-3965","page","type-page","status-publish","hentry"],"_links":{"self":[{"href":"https:\/\/siemoto.me\/me\/wp-json\/wp\/v2\/pages\/3965","targetHints":{"allow":["GET"]}}],"collection":[{"href":"https:\/\/siemoto.me\/me\/wp-json\/wp\/v2\/pages"}],"about":[{"href":"https:\/\/siemoto.me\/me\/wp-json\/wp\/v2\/types\/page"}],"author":[{"embeddable":true,"href":"https:\/\/siemoto.me\/me\/wp-json\/wp\/v2\/users\/2"}],"replies":[{"embeddable":true,"href":"https:\/\/siemoto.me\/me\/wp-json\/wp\/v2\/comments?post=3965"}],"version-history":[{"count":0,"href":"https:\/\/siemoto.me\/me\/wp-json\/wp\/v2\/pages\/3965\/revisions"}],"wp:attachment":[{"href":"https:\/\/siemoto.me\/me\/wp-json\/wp\/v2\/media?parent=3965"}],"curies":[{"name":"wp","href":"https:\/\/api.w.org\/{rel}","templated":true}]}}