{"id":2871,"date":"2026-01-20T04:23:56","date_gmt":"2026-01-20T01:23:56","guid":{"rendered":"https:\/\/siemoto.me\/?page_id=2871"},"modified":"2026-03-30T13:27:18","modified_gmt":"2026-03-30T11:27:18","slug":"right-of-withdrawal-form-14-days","status":"publish","type":"page","link":"https:\/\/siemoto.me\/me\/right-of-withdrawal-form-14-days\/","title":{"rendered":"Obrazac za jednostrani raskid ugovora (14 dana)"},"content":{"rendered":"\n<div class=\"wpforms-container \" id=\"wpforms-2860\"><form id=\"wpforms-form-2860\" class=\"wpforms-validate wpforms-form wpforms-ajax-form\" data-formid=\"2860\" method=\"post\" enctype=\"multipart\/form-data\" action=\"\/me\/wp-json\/wp\/v2\/pages\/2871\" data-token=\"82c35619362eb31f5d614d58c5ca47f0\" data-token-time=\"1777826358\"><noscript class=\"wpforms-error-noscript\">Please enable JavaScript in your browser to complete this form.<\/noscript><div class=\"wpforms-field-container\"><div id=\"wpforms-2860-field_2-container\" class=\"wpforms-field wpforms-field-name\" data-field-id=\"2\"><label class=\"wpforms-field-label\">Name and surname <span class=\"wpforms-required-label\">*<\/span><\/label><div class=\"wpforms-field-row wpforms-field-medium\"><div class=\"wpforms-field-row-block wpforms-first wpforms-one-half\"><input type=\"text\" id=\"wpforms-2860-field_2\" class=\"wpforms-field-name-first wpforms-field-required\" name=\"wpforms[fields][2][first]\" required><label for=\"wpforms-2860-field_2\" class=\"wpforms-field-sublabel after\">First<\/label><\/div><div class=\"wpforms-field-row-block wpforms-one-half\"><input type=\"text\" id=\"wpforms-2860-field_2-last\" class=\"wpforms-field-name-last wpforms-field-required\" name=\"wpforms[fields][2][last]\" required><label for=\"wpforms-2860-field_2-last\" class=\"wpforms-field-sublabel after\">Last<\/label><\/div><\/div><\/div><div id=\"wpforms-2860-field_1-container\" class=\"wpforms-field wpforms-field-text\" data-field-id=\"1\"><label class=\"wpforms-field-label\" for=\"wpforms-2860-field_1\">Residential address <span class=\"wpforms-required-label\">*<\/span><\/label><input type=\"text\" id=\"wpforms-2860-field_1\" class=\"wpforms-field-medium wpforms-field-required\" name=\"wpforms[fields][1]\" placeholder=\"City, street, house number (e.g. Podgorica, Njego\u0161eva 12)\" required><div class=\"wpforms-field-description\">Please enter your full residential address for warranty processing.<\/div><\/div><div id=\"wpforms-2860-field_3-container\" class=\"wpforms-field wpforms-field-text\" data-field-id=\"3\"><label class=\"wpforms-field-label\" for=\"wpforms-2860-field_3\">Phone \/ WhatsApp (messages only)<\/label><input type=\"text\" id=\"wpforms-2860-field_3\" class=\"wpforms-field-medium\" name=\"wpforms[fields][3]\" ><\/div>\t\t<div id=\"wpforms-2860-field_8-container\"\n\t\t\tclass=\"wpforms-field wpforms-field-text\"\n\t\t\tdata-field-type=\"text\"\n\t\t\tdata-field-id=\"8\"\n\t\t\t>\n\t\t\t<label class=\"wpforms-field-label\" for=\"wpforms-2860-field_8\" >purchase OF Scooter<\/label>\n\t\t\t<input type=\"text\" id=\"wpforms-2860-field_8\" class=\"wpforms-field-medium\" name=\"wpforms[fields][8]\" >\n\t\t<\/div>\n\t\t<div id=\"wpforms-2860-field_4-container\" class=\"wpforms-field wpforms-field-email\" data-field-id=\"4\"><label class=\"wpforms-field-label\" for=\"wpforms-2860-field_4\">Email<\/label><input type=\"email\" id=\"wpforms-2860-field_4\" class=\"wpforms-field-medium\" name=\"wpforms[fields][4]\" spellcheck=\"false\" ><\/div><div id=\"wpforms-2860-field_5-container\" class=\"wpforms-field wpforms-field-text\" data-field-id=\"5\"><label class=\"wpforms-field-label\" for=\"wpforms-2860-field_5\">Order \/ Invoice number<\/label><input type=\"text\" id=\"wpforms-2860-field_5\" class=\"wpforms-field-medium\" name=\"wpforms[fields][5]\" ><div class=\"wpforms-field-description\">PURCHASE DETAILS<\/div><\/div><div id=\"wpforms-2860-field_6-container\" class=\"wpforms-field wpforms-field-text\" data-field-id=\"6\"><label class=\"wpforms-field-label\" for=\"wpforms-2860-field_6\">Date of purchase <span class=\"wpforms-required-label\">*<\/span><\/label><input type=\"text\" id=\"wpforms-2860-field_6\" class=\"wpforms-field-medium wpforms-field-required wpforms-masked-input\" data-rule-inputmask-incomplete=\"1\" data-inputmask-mask=\"99\/99\/9999\" name=\"wpforms[fields][6]\" placeholder=\"dd\/mm\/yyyy\" required><\/div><div id=\"wpforms-2860-field_7-container\" class=\"wpforms-field wpforms-field-text\" data-field-id=\"7\"><label class=\"wpforms-field-label\" for=\"wpforms-2860-field_7\">Date goods received <span class=\"wpforms-required-label\">*<\/span><\/label><input type=\"text\" id=\"wpforms-2860-field_7\" class=\"wpforms-field-medium wpforms-field-required wpforms-masked-input\" data-rule-inputmask-incomplete=\"1\" data-inputmask-mask=\"99\/99\/9999\" name=\"wpforms[fields][7]\" placeholder=\"dd\/mm\/yyyy\" required><\/div><div id=\"wpforms-2860-field_10-container\" class=\"wpforms-field wpforms-field-textarea hide-input wpforms-field-readonly\" data-field-id=\"10\"><label class=\"wpforms-field-label\" for=\"wpforms-2860-field_10\">DECLARATION OF WITHDRAWAL<\/label><textarea id=\"wpforms-2860-field_10\" class=\"wpforms-field-medium\" name=\"wpforms[fields][10]\" ><\/textarea><div class=\"wpforms-field-description\">I hereby declare that the information provided in this warranty claim is accurate and complete, and that the claim is submitted in accordance with applicable law and the Seller\u2019s Terms &amp; Conditions. I acknowledge that the product may be subject to technical inspection to determine whether the defect is covered by warranty.<\/div><\/div><div id=\"wpforms-2860-field_9-container\" class=\"wpforms-field wpforms-field-checkbox\" data-field-id=\"9\"><label class=\"wpforms-field-label\">Confirmation <span class=\"wpforms-required-label\">*<\/span><\/label><ul id=\"wpforms-2860-field_9\" class=\"wpforms-field-required\"><li class=\"choice-1 depth-1\"><input type=\"checkbox\" id=\"wpforms-2860-field_9_1\" name=\"wpforms[fields][9][]\" value=\"I confirm that this warranty claim complies with applicable law and the Seller\u2019s Terms &amp; Conditions, and that I understand the conditions under which warranty service may be accepted or denied.\" required ><label class=\"wpforms-field-label-inline\" for=\"wpforms-2860-field_9_1\">I confirm that this warranty claim complies with applicable law and the Seller\u2019s Terms &amp; Conditions, and that I understand the conditions under which warranty service may be accepted or denied.<\/label><\/li><\/ul><\/div><div id=\"wpforms-2860-field_11-container\" class=\"wpforms-field wpforms-field-text\" data-field-id=\"11\"><label class=\"wpforms-field-label\" for=\"wpforms-2860-field_11\">Date of declaration <span class=\"wpforms-required-label\">*<\/span><\/label><input type=\"text\" id=\"wpforms-2860-field_11\" class=\"wpforms-field-medium wpforms-field-required wpforms-masked-input\" data-rule-inputmask-incomplete=\"1\" data-inputmask-mask=\"99\/99\/9999\" name=\"wpforms[fields][11]\" placeholder=\"dd\/mm\/yyyy\" required><div class=\"wpforms-field-description\">Please enter the date in format DD\/MM\/YYYY\n<\/div><\/div><div id=\"wpforms-2860-field_13-container\" class=\"wpforms-field wpforms-field-textarea hide-input\" data-field-id=\"13\"><label class=\"wpforms-field-label\" for=\"wpforms-2860-field_13\">Condition of the Goods<\/label><textarea id=\"wpforms-2860-field_13\" class=\"wpforms-field-medium\" name=\"wpforms[fields][13]\" ><\/textarea><div class=\"wpforms-field-description\">Please confirm the condition of the goods by selecting at least one option applicable to the product category.\nFor scooters, scooter-specific conditions are decisive for assessing \u201cunused\u201d status.<\/div><\/div><div id=\"wpforms-2860-field_25-container\" class=\"wpforms-field wpforms-field-select wpforms-field-select-style-classic\" data-field-id=\"25\"><label class=\"wpforms-field-label\" for=\"wpforms-2860-field_25\">Product name * <span class=\"wpforms-required-label\">*<\/span><\/label><select id=\"wpforms-2860-field_25\" class=\"wpforms-field-medium wpforms-field-required\" name=\"wpforms[fields][25]\" required=\"required\"><option value=\"\" class=\"placeholder\" disabled  selected='selected'>--- Select Choice ---<\/option><option value=\"Scooter\"  class=\"choice-1 depth-1\"  >Scooter<\/option><option value=\"Oprema \/ Potro\u0161ni materijal (Accessory \/ Consumable)\"  class=\"choice-2 depth-1\"  >Oprema \/ Potro\u0161ni materijal (Accessory \/ Consumable)<\/option><\/select><div class=\"wpforms-field-description\">Please select the type of product you are returning. Based on your choice, complete the relevant condition section below.<\/div><\/div><div id=\"wpforms-2860-field_15-container\" class=\"wpforms-field wpforms-field-checkbox\" data-field-id=\"15\"><label class=\"wpforms-field-label\">Scooter condition (required for scooters) *<\/label><ul id=\"wpforms-2860-field_15\"><li class=\"choice-5 depth-1\"><input type=\"checkbox\" id=\"wpforms-2860-field_15_5\" name=\"wpforms[fields][15][]\" value=\"Unused\"  ><label class=\"wpforms-field-label-inline\" for=\"wpforms-2860-field_15_5\">Unused<\/label><\/li><li class=\"choice-6 depth-1\"><input type=\"checkbox\" id=\"wpforms-2860-field_15_6\" name=\"wpforms[fields][15][]\" value=\"Undamaged\"  ><label class=\"wpforms-field-label-inline\" for=\"wpforms-2860-field_15_6\">Undamaged<\/label><\/li><li class=\"choice-7 depth-1\"><input type=\"checkbox\" id=\"wpforms-2860-field_15_7\" name=\"wpforms[fields][15][]\" value=\"Complete\"  ><label class=\"wpforms-field-label-inline\" for=\"wpforms-2860-field_15_7\">Complete<\/label><\/li><li class=\"choice-8 depth-1\"><input type=\"checkbox\" id=\"wpforms-2860-field_15_8\" name=\"wpforms[fields][15][]\" value=\"In resaleable condition\"  ><label class=\"wpforms-field-label-inline\" for=\"wpforms-2860-field_15_8\">In resaleable condition<\/label><\/li><li class=\"choice-1 depth-1\"><input type=\"checkbox\" id=\"wpforms-2860-field_15_1\" name=\"wpforms[fields][15][]\" value=\"Engine not started\"  ><label class=\"wpforms-field-label-inline\" for=\"wpforms-2860-field_15_1\">Engine not started<\/label><\/li><li class=\"choice-2 depth-1\"><input type=\"checkbox\" id=\"wpforms-2860-field_15_2\" name=\"wpforms[fields][15][]\" value=\"Not ridden (0 km)\"  ><label class=\"wpforms-field-label-inline\" for=\"wpforms-2860-field_15_2\">Not ridden (0 km)<\/label><\/li><li class=\"choice-3 depth-1\"><input type=\"checkbox\" id=\"wpforms-2860-field_15_3\" name=\"wpforms[fields][15][]\" value=\"No fuel or oil added\"  ><label class=\"wpforms-field-label-inline\" for=\"wpforms-2860-field_15_3\">No fuel or oil added<\/label><\/li><li class=\"choice-4 depth-1\"><input type=\"checkbox\" id=\"wpforms-2860-field_15_4\" name=\"wpforms[fields][15][]\" value=\"No accessories installed\"  ><label class=\"wpforms-field-label-inline\" for=\"wpforms-2860-field_15_4\">No accessories installed<\/label><\/li><\/ul><div class=\"wpforms-field-description\">Please tick all that apply. This section is required only if you selected \"Scooter\" above.<\/div><\/div><div id=\"wpforms-2860-field_26-container\" class=\"wpforms-field wpforms-field-text\" data-field-id=\"26\"><label class=\"wpforms-field-label\" for=\"wpforms-2860-field_26\">Odometer reading *<\/label><input type=\"text\" id=\"wpforms-2860-field_26\" class=\"wpforms-field-medium wpforms-masked-input\" data-rule-inputmask-incomplete=\"1\" data-inputmask-mask=\"9.999 km\" name=\"wpforms[fields][26]\" placeholder=\"0.000 km\" ><div class=\"wpforms-field-description\">Please enter the current odometer reading.<\/div><\/div><div id=\"wpforms-2860-field_14-container\" class=\"wpforms-field wpforms-field-checkbox\" data-field-id=\"14\"><label class=\"wpforms-field-label\">Accessory \/ Consumable condition (required for accessories or consumables) *<\/label><ul id=\"wpforms-2860-field_14\"><li class=\"choice-1 depth-1\"><input type=\"checkbox\" id=\"wpforms-2860-field_14_1\" name=\"wpforms[fields][14][]\" value=\"Unused\"  ><label class=\"wpforms-field-label-inline\" for=\"wpforms-2860-field_14_1\">Unused<\/label><\/li><li class=\"choice-2 depth-1\"><input type=\"checkbox\" id=\"wpforms-2860-field_14_2\" name=\"wpforms[fields][14][]\" value=\"Undamaged\"  ><label class=\"wpforms-field-label-inline\" for=\"wpforms-2860-field_14_2\">Undamaged<\/label><\/li><li class=\"choice-3 depth-1\"><input type=\"checkbox\" id=\"wpforms-2860-field_14_3\" name=\"wpforms[fields][14][]\" value=\"Complete\"  ><label class=\"wpforms-field-label-inline\" for=\"wpforms-2860-field_14_3\">Complete<\/label><\/li><li class=\"choice-4 depth-1\"><input type=\"checkbox\" id=\"wpforms-2860-field_14_4\" name=\"wpforms[fields][14][]\" value=\"In resaleable condition\"  ><label class=\"wpforms-field-label-inline\" for=\"wpforms-2860-field_14_4\">In resaleable condition<\/label><\/li><\/ul><div class=\"wpforms-field-description\">Please tick all that apply. This section is required only if you selected \"Accessory \/ Consumable\" above.<\/div><\/div><div id=\"wpforms-2860-field_17-container\" class=\"wpforms-field wpforms-field-textarea hide-input wpforms-field-readonly\" data-field-id=\"17\"><label class=\"wpforms-field-label\" for=\"wpforms-2860-field_17\">Return of Goods<\/label><textarea id=\"wpforms-2860-field_17\" class=\"wpforms-field-medium\" name=\"wpforms[fields][17]\" ><\/textarea><div class=\"wpforms-field-description\">I agree to return the goods at my own expense, within the period prescribed by the withdrawal policy, to the following address: \u0110enovi\u0107i, Herceg Novi \u2014 Seller\u2019s warehouse\n\n<\/div><\/div><div id=\"wpforms-2860-field_18-container\" class=\"wpforms-field wpforms-field-checkbox\" data-field-id=\"18\"><label class=\"wpforms-field-label\">Method of return<\/label><ul id=\"wpforms-2860-field_18\"><li class=\"choice-1 depth-1\"><input type=\"checkbox\" id=\"wpforms-2860-field_18_1\" name=\"wpforms[fields][18][]\" value=\"I will return the goods myself\"  ><label class=\"wpforms-field-label-inline\" for=\"wpforms-2860-field_18_1\">I will return the goods myself<\/label><\/li><li class=\"choice-2 depth-1\"><input type=\"checkbox\" id=\"wpforms-2860-field_18_2\" name=\"wpforms[fields][18][]\" value=\"I request collection by the Seller (separate paid service)\"  ><label class=\"wpforms-field-label-inline\" for=\"wpforms-2860-field_18_2\">I request collection by the Seller (separate paid service)<\/label><\/li><\/ul><div class=\"wpforms-field-description\">Please select one option regarding the return of goods.\n<\/div><\/div><div id=\"wpforms-2860-field_19-container\" class=\"wpforms-field wpforms-field-textarea hide-input wpforms-field-readonly\" data-field-id=\"19\"><label class=\"wpforms-field-label wpforms-label-hide\" for=\"wpforms-2860-field_19\">Paragraph Text<\/label><textarea id=\"wpforms-2860-field_19\" class=\"wpforms-field-medium\" name=\"wpforms[fields][19]\" ><\/textarea><div class=\"wpforms-field-description\">This form constitutes a request to exercise the right of withdrawal and does not prejudge the outcome. Refunds are subject to compliance with legal requirements, the condition of the goods and the applicable Return &amp; Withdrawal Policy.\n<\/div><\/div><script>\n\t\t\t\t( function() {\n\t\t\t\t\tconst style = document.createElement( 'style' );\n\t\t\t\t\tstyle.appendChild( document.createTextNode( '#wpforms-2860-field_8-container { position: absolute !important; overflow: hidden !important; display: inline !important; height: 1px !important; width: 1px !important; z-index: -1000 !important; padding: 0 !important; } #wpforms-2860-field_8-container input { visibility: hidden; } #wpforms-conversational-form-page #wpforms-2860-field_8-container label { counter-increment: none; }' ) );\n\t\t\t\t\tdocument.head.appendChild( style );\n\t\t\t\t\tdocument.currentScript?.remove();\n\t\t\t\t} )();\n\t\t\t<\/script><\/div><!-- .wpforms-field-container --><div class=\"wpforms-submit-container\" ><input type=\"hidden\" name=\"wpforms[id]\" value=\"2860\"><input type=\"hidden\" name=\"page_title\" value=\"\"><input type=\"hidden\" name=\"page_url\" value=\"https:\/\/siemoto.me\/me\/wp-json\/wp\/v2\/pages\/2871\"><input type=\"hidden\" name=\"url_referer\" value=\"\"><button type=\"submit\" name=\"wpforms[submit]\" id=\"wpforms-submit-2860\" class=\"wpforms-submit\" data-alt-text=\"Sending...\" data-submit-text=\"Submit\" aria-live=\"assertive\" value=\"wpforms-submit\">Submit<\/button><img decoding=\"async\" src=\"https:\/\/siemoto.me\/wp-content\/plugins\/wpforms-lite\/assets\/images\/submit-spin.svg\" class=\"wpforms-submit-spinner\" style=\"display: none;\" width=\"26\" height=\"26\" alt=\"Loading\"><\/div><\/form><\/div>  <!-- .wpforms-container -->\n\n\n\n<div class=\"wp-block-file has-ast-global-color-4-background-color has-background has-link-color wp-elements-97da7db828d84d5d6057deaab71b4f6e\" style=\"margin-top:0;margin-right:0;margin-bottom:0;margin-left:0;padding-top:var(--wp--preset--spacing--20);padding-right:var(--wp--preset--spacing--20);padding-bottom:var(--wp--preset--spacing--20);padding-left:var(--wp--preset--spacing--20)\"><a id=\"wp-block-file--media-5d708f72-570b-4b6a-ad37-d942ff4e1de4\" href=\"https:\/\/siemoto.me\/wp-content\/uploads\/2026\/03\/Obrazac-za-odustanak-od-ugovora.pdf\" target=\"_blank\" rel=\"noreferrer noopener\"><strong>Obrazac za odustanak od ugovora (PDF)<\/strong><\/a><a href=\"https:\/\/siemoto.me\/wp-content\/uploads\/2026\/03\/Obrazac-za-odustanak-od-ugovora.pdf\" class=\"wp-block-file__button wp-element-button\" download aria-describedby=\"wp-block-file--media-5d708f72-570b-4b6a-ad37-d942ff4e1de4\">Download<\/a><\/div>\n\n\n\n<p class=\"has-small-font-size\">For printing, completing by hand, and sending by e-mail or post.<\/p>\n\n\n\n<p><\/p>\n","protected":false},"excerpt":{"rendered":"<p>Za \u0161tampanje, ru\u010dno popunjavanje i dostavljanje e-mailom ili po\u0161tom.<\/p>","protected":false},"author":2,"featured_media":0,"parent":0,"menu_order":0,"comment_status":"closed","ping_status":"closed","template":"","meta":{"site-sidebar-layout":"default","site-content-layout":"","ast-site-content-layout":"default","site-content-style":"default","site-sidebar-style":"default","ast-global-header-display":"","ast-banner-title-visibility":"","ast-main-header-display":"","ast-hfb-above-header-display":"","ast-hfb-below-header-display":"","ast-hfb-mobile-header-display":"","site-post-title":"","ast-breadcrumbs-content":"","ast-featured-img":"","footer-sml-layout":"","ast-disable-related-posts":"","theme-transparent-header-meta":"","adv-header-id-meta":"","stick-header-meta":"","header-above-stick-meta":"","header-main-stick-meta":"","header-below-stick-meta":"","astra-migrate-meta-layouts":"set","ast-page-background-enabled":"default","ast-page-background-meta":{"desktop":{"background-color":"","background-image":"","background-repeat":"repeat","background-position":"center center","background-size":"auto","background-attachment":"scroll","background-type":"","background-media":"","overlay-type":"","overlay-color":"","overlay-opacity":"","overlay-gradient":""},"tablet":{"background-color":"","background-image":"","background-repeat":"repeat","background-position":"center center","background-size":"auto","background-attachment":"scroll","background-type":"","background-media":"","overlay-type":"","overlay-color":"","overlay-opacity":"","overlay-gradient":""},"mobile":{"background-color":"","background-image":"","background-repeat":"repeat","background-position":"center center","background-size":"auto","background-attachment":"scroll","background-type":"","background-media":"","overlay-type":"","overlay-color":"","overlay-opacity":"","overlay-gradient":""}},"ast-content-background-meta":{"desktop":{"background-color":"var(--ast-global-color-5)","background-image":"","background-repeat":"repeat","background-position":"center center","background-size":"auto","background-attachment":"scroll","background-type":"","background-media":"","overlay-type":"","overlay-color":"","overlay-opacity":"","overlay-gradient":""},"tablet":{"background-color":"var(--ast-global-color-5)","background-image":"","background-repeat":"repeat","background-position":"center center","background-size":"auto","background-attachment":"scroll","background-type":"","background-media":"","overlay-type":"","overlay-color":"","overlay-opacity":"","overlay-gradient":""},"mobile":{"background-color":"var(--ast-global-color-5)","background-image":"","background-repeat":"repeat","background-position":"center center","background-size":"auto","background-attachment":"scroll","background-type":"","background-media":"","overlay-type":"","overlay-color":"","overlay-opacity":"","overlay-gradient":""}},"footnotes":""},"class_list":["post-2871","page","type-page","status-publish","hentry"],"_links":{"self":[{"href":"https:\/\/siemoto.me\/me\/wp-json\/wp\/v2\/pages\/2871","targetHints":{"allow":["GET"]}}],"collection":[{"href":"https:\/\/siemoto.me\/me\/wp-json\/wp\/v2\/pages"}],"about":[{"href":"https:\/\/siemoto.me\/me\/wp-json\/wp\/v2\/types\/page"}],"author":[{"embeddable":true,"href":"https:\/\/siemoto.me\/me\/wp-json\/wp\/v2\/users\/2"}],"replies":[{"embeddable":true,"href":"https:\/\/siemoto.me\/me\/wp-json\/wp\/v2\/comments?post=2871"}],"version-history":[{"count":0,"href":"https:\/\/siemoto.me\/me\/wp-json\/wp\/v2\/pages\/2871\/revisions"}],"wp:attachment":[{"href":"https:\/\/siemoto.me\/me\/wp-json\/wp\/v2\/media?parent=2871"}],"curies":[{"name":"wp","href":"https:\/\/api.w.org\/{rel}","templated":true}]}}