{"id":2761,"date":"2026-01-16T19:06:25","date_gmt":"2026-01-16T16:06:25","guid":{"rendered":"https:\/\/siemoto.me\/?page_id=2761"},"modified":"2026-04-16T13:48:34","modified_gmt":"2026-04-16T11:48:34","slug":"legal-notice-company-details","status":"publish","type":"page","link":"https:\/\/siemoto.me\/me\/legal-notice-company-details\/","title":{"rendered":"Pravne napomene \/ Podaci o kompaniji"},"content":{"rendered":"<h4 class=\"wp-block-heading\">Pravne napomene \/ Podaci o kompaniji<\/h4>\n\n\n\n<p class=\" translation-block\">Operator veb stranice i prodavac:<br>SKRYNNIK IMPORT &amp; EXPORT DOO<\/p>\n\n\n\n<p><strong>Sjedi\u0161te i adresa za korespondenciju:<\/strong><br>Trg Bo\u017eane Vu\u010dini\u0107 10\/1<br>81000 Podgorica<br>Crna Gora<\/p>\n\n\n\n<p><strong>Registarski broj<\/strong>: 51181612<\/p>\n\n\n\n<p><strong>Poreski identifikacioni broj (PIB)<\/strong>: 03603784<\/p>\n\n\n\n<p><strong>PDV broj:\u00a0<\/strong>ME03603784<\/p>\n\n\n\n<p><strong>E-mail adresa<\/strong>: info@siemoto.me<\/p>\n\n\n\n<p><strong>Telefon<\/strong>: +382 68 094 929 (po\u017eeljno slanje poruka)<\/p>\n\n\n\n<p class=\" translation-block\"><p><strong>Djelatnost:<\/strong> Uvoz, distribucija i maloprodaja skutera, rezervnih djelova, opreme i za\u0161titne opreme, uklju\u010duju\u0107i prate\u0107e usluge.<\/p><\/p>\n\n\n\n<p class=\" translation-block\"><p><strong>Nadle\u017enost:<\/strong> Crna Gora<\/p><\/p>\n\n\n\n<p class=\" translation-block\"><p><strong>Mjerodavno pravo:<\/strong> Crnogorsko pravo uskla\u0111eno sa va\u017ee\u0107im EU propisima.<\/p><\/p>\n\n\n\n<p><\/p>","protected":false},"excerpt":{"rendered":"<p>Legal Notice \/ Company Details Website operator and seller:SKRYNNIK IMPORT &amp; EXPORT DOO Registered office and correspondence address:Trg Bo\u017eane Vu\u010dini\u0107 10\/181000 PodgoricaMontenegro Company registration number: 51181612 Tax identification number (PIB): 03603784 VAT number:\u00a0ME03603784 Email: info@siemoto.me Phone: +382 68 094 929 (communication by message preferred) Business activity: Import, distribution and retail of scooters, spare parts, accessories [&hellip;]<\/p>\n","protected":false},"author":2,"featured_media":0,"parent":0,"menu_order":0,"comment_status":"closed","ping_status":"closed","template":"","meta":{"site-sidebar-layout":"default","site-content-layout":"","ast-site-content-layout":"default","site-content-style":"default","site-sidebar-style":"default","ast-global-header-display":"","ast-banner-title-visibility":"","ast-main-header-display":"","ast-hfb-above-header-display":"","ast-hfb-below-header-display":"","ast-hfb-mobile-header-display":"","site-post-title":"disabled","ast-breadcrumbs-content":"","ast-featured-img":"","footer-sml-layout":"","ast-disable-related-posts":"","theme-transparent-header-meta":"","adv-header-id-meta":"","stick-header-meta":"","header-above-stick-meta":"","header-main-stick-meta":"","header-below-stick-meta":"","astra-migrate-meta-layouts":"set","ast-page-background-enabled":"default","ast-page-background-meta":{"desktop":{"background-color":"","background-image":"","background-repeat":"repeat","background-position":"center center","background-size":"auto","background-attachment":"scroll","background-type":"","background-media":"","overlay-type":"","overlay-color":"","overlay-opacity":"","overlay-gradient":""},"tablet":{"background-color":"","background-image":"","background-repeat":"repeat","background-position":"center center","background-size":"auto","background-attachment":"scroll","background-type":"","background-media":"","overlay-type":"","overlay-color":"","overlay-opacity":"","overlay-gradient":""},"mobile":{"background-color":"","background-image":"","background-repeat":"repeat","background-position":"center center","background-size":"auto","background-attachment":"scroll","background-type":"","background-media":"","overlay-type":"","overlay-color":"","overlay-opacity":"","overlay-gradient":""}},"ast-content-background-meta":{"desktop":{"background-color":"var(--ast-global-color-5)","background-image":"","background-repeat":"repeat","background-position":"center center","background-size":"auto","background-attachment":"scroll","background-type":"","background-media":"","overlay-type":"","overlay-color":"","overlay-opacity":"","overlay-gradient":""},"tablet":{"background-color":"var(--ast-global-color-5)","background-image":"","background-repeat":"repeat","background-position":"center center","background-size":"auto","background-attachment":"scroll","background-type":"","background-media":"","overlay-type":"","overlay-color":"","overlay-opacity":"","overlay-gradient":""},"mobile":{"background-color":"var(--ast-global-color-5)","background-image":"","background-repeat":"repeat","background-position":"center center","background-size":"auto","background-attachment":"scroll","background-type":"","background-media":"","overlay-type":"","overlay-color":"","overlay-opacity":"","overlay-gradient":""}},"footnotes":""},"class_list":["post-2761","page","type-page","status-publish","hentry"],"_links":{"self":[{"href":"https:\/\/siemoto.me\/me\/wp-json\/wp\/v2\/pages\/2761","targetHints":{"allow":["GET"]}}],"collection":[{"href":"https:\/\/siemoto.me\/me\/wp-json\/wp\/v2\/pages"}],"about":[{"href":"https:\/\/siemoto.me\/me\/wp-json\/wp\/v2\/types\/page"}],"author":[{"embeddable":true,"href":"https:\/\/siemoto.me\/me\/wp-json\/wp\/v2\/users\/2"}],"replies":[{"embeddable":true,"href":"https:\/\/siemoto.me\/me\/wp-json\/wp\/v2\/comments?post=2761"}],"version-history":[{"count":0,"href":"https:\/\/siemoto.me\/me\/wp-json\/wp\/v2\/pages\/2761\/revisions"}],"wp:attachment":[{"href":"https:\/\/siemoto.me\/me\/wp-json\/wp\/v2\/media?parent=2761"}],"curies":[{"name":"wp","href":"https:\/\/api.w.org\/{rel}","templated":true}]}}